{"id":79,"date":"2018-01-08T13:40:38","date_gmt":"2018-01-08T12:40:38","guid":{"rendered":"https:\/\/method-limonier.com\/?page_id=79"},"modified":"2019-01-10T20:15:20","modified_gmt":"2019-01-10T19:15:20","slug":"ma-methode-pour-quel-probleme","status":"publish","type":"page","link":"https:\/\/method-limonier.com\/fr\/ma-methode-pour-quel-probleme\/","title":{"rendered":"Ma M\u00e9thode pour quel probl\u00e8me?"},"content":{"rendered":"<h5 class=\"title-uppercase\"><!-- Start shortcoder --><p id=\"weirdtext\" class=\"animated zoomInDown\"><span>SE SENTIR MIEUX ,           BOUGER MIEUX , VIVRE MIEUX<\/span><\/p><!-- End shortcoder v4.1.6--><\/h5>\n<ul class=\"widget_categories\">\n<li>Vous souffrez d\u2019une <strong>douleur cervicale ou intercostale<\/strong> , vous \u00eates <strong>stress\u00e9<\/strong> \u00e0 votre travail , <strong>la douleur<\/strong> est forte et vous ne supportez plus les anti-inflammatoires ?<\/li>\n<li>Vous avez un <strong>lumbago<\/strong> ou une <strong>sciatique<\/strong> ,<strong> la douleur<\/strong> ne passe pas , m\u00eame avec les antalgiques , vous souffrez \u00e9norm\u00e9ment ?<\/li>\n<li>Votre <strong>grossesse<\/strong> est contrari\u00e9e par un<strong> mal de dos<\/strong> ou une <strong>migraine<\/strong> et la prise de m\u00e9dicaments est impossible ?<\/li>\n<li>Votre <strong>b\u00e9b\u00e9 pleure<\/strong> anormalement ,vous en ignorez la cause ?<\/li>\n<li>Votre <strong>enfant<\/strong> rencontre des probl\u00e8mes non r\u00e9solus li\u00e9s \u00e0 la croissance , il se plaint <strong>du dos<\/strong> , ou de la t\u00eate, il dort mal , il dig\u00e8re mal\u2026 vous \u00eates inquiet.. ?<\/li>\n<li>Vous \u00eates <strong>sportif<\/strong> , vous vous \u00eates bless\u00e9 et vous ne pouvez plus reprendre vos activit\u00e9s ?<\/li>\n<li>Vous \u00eates d\u00e9pressif, vous n\u2019arrivez plus \u00e0 g\u00e9rer votre stress, vous mangez mal, vous en avez plein le dos. !<\/li>\n<li>Vous avez de l\u2019hypertension, vous avez r\u00e9duit votre activit\u00e9 physique et vous ressentez une baisse d\u2019\u00e9nergie \u00e9norme<\/li>\n<\/ul>\n<p style=\"text-align: center;\"><!-- Start shortcoder --><div class=\"highlight\">Venez me consulter afin de stopper le processus de d\u00e9g\u00e9n\u00e9rescence<\/div><!-- End shortcoder v4.1.6--><\/p>\n<span><a onclick=\"read_toggle(1548822899, 'Continuer la lecture', 'Lire moins'); return false;\" class=\"read-link\" id=\"readlink1548822899\" style=\"readlink\" href=\"#\">Continuer la lecture<\/a><\/span>\n<div class=\"read_div\" id=\"read1548822899\" style=\"display: none;\"><\/p>\n<p>Quand votre colonne vert\u00e9brale est d\u00e9s\u00e9quilibr\u00e9e, le syst\u00e8me nerveux qu\u2019elle prot\u00e8ge est soumis au<br \/>\nstress et endommag\u00e9. Vos organes ne peuvent pas fonctionner en harmonie et provoquent des<br \/>\nd\u00e9r\u00e8glements puis des maladies.<\/p>\n<h3>L&rsquo;EXEMPLE DU DISJONCTEUR<\/h3>\n<p>Une m\u00e9taphore facile est de consid\u00e9rer un disjoncteur dans votre maison. Lorsque la puissance est trop \u00e9lev\u00e9e ou qu&rsquo;il y a un probl\u00e8me dans le syst\u00e8me \u00e9lectrique d&rsquo;une maison, le disjoncteur bascule le commutateur, ce qui arr\u00eate le flux d&rsquo;\u00e9lectricit\u00e9 de la maison. Si cela se produit, pouvez-vous utiliser votre t\u00e9l\u00e9viseur? Qu&rsquo;arrive-t-il au r\u00e9frig\u00e9rateur? Ils cessent de fonctionner sans la source d&rsquo;alimentation.<\/p>\n<p>Mais o\u00f9 est la cause du probl\u00e8me? Si vous remplacez le t\u00e9l\u00e9viseur et le r\u00e9frig\u00e9rateur, mais que vous ne corrigez pas le probl\u00e8me avec le disjoncteur, le nouveau t\u00e9l\u00e9viseur et le r\u00e9frig\u00e9rateur ne fonctionneront pas. Toutefois, si vous corrigez le probl\u00e8me avec la source d&rsquo;alimentation de ces appareils, ils continueront \u00e0 fonctionner et \u00e0 effectuer leurs op\u00e9rations.<\/p>\n<h3>LES AVANTAGES D\u2019UN BON EQUILIBRE<\/h3>\n<ul class=\"widget_categories\">\n<li>Optimise la respiration et la circulation.<\/li>\n<li>Am\u00e9liore la fonction organique<\/li>\n<li>Maintient les muscles pour une utilisation appropri\u00e9e et efficace<\/li>\n<li>Emp\u00eache la colonne vert\u00e9brale de se fixer dans des positions anormales<\/li>\n<li>Emp\u00eache le mal au dos, la douleur au cou et la douleur musculaire diffuse.<\/li>\n<li>Emp\u00eache la fatigue parce que les muscles sont utilis\u00e9s de mani\u00e8re beaucoup plus efficace<\/li>\n<li>Emp\u00eache les probl\u00e8mes de contrainte ou de surutilisation.<\/li>\n<li>Diminue le port anormal des surfaces articulaires pouvant entra\u00eener une arthrite.<\/li>\n<li>Diminue les pertes inutiles d&rsquo;\u00e9nergie du corps<\/li>\n<li>Diminue le stress des ligaments qui maintiennent les articulations de la colonne vert\u00e9brale<\/li>\n<\/ul>\n<h3>LES CONS\u00c9QUENCES D&rsquo;UN MAUVAIS EQUILIBRE<\/h3>\n<ul class=\"widget_categories\">\n<li>Diminution de la dur\u00e9e de vie (jusqu&rsquo;\u00e0 14 ans).<\/li>\n<li>Diminution de la sant\u00e9 globale.<\/li>\n<li>Fatigue chronique.<\/li>\n<li>Fatigue musculaire.<\/li>\n<li>Augmentation de la tension art\u00e9rielle.<\/li>\n<li>Augmentation des chutes.<\/li>\n<li>Probl\u00e8mes de sommeil.<\/li>\n<li>Probl\u00e8mes de circulation.<\/li>\n<li>Probl\u00e8mes respiratoires.<\/li>\n<li>Probl\u00e8mes d&rsquo;attention \/ concentration\/d\u00e9pression<\/li>\n<li>Probl\u00e8mes digestifs.<\/li>\n<li>Probl\u00e8mes de genou et de cheville.<\/li>\n<li>Des maux de t\u00eate et des vertiges<\/li>\n<li>Douleur au cou et au dos.<\/li>\n<li>Hernie discale<\/li>\n<li>Sciatique.<\/li>\n<li>Lumbago<\/li>\n<li>Arthrite.<br \/>\n<hr \/>\n<\/li>\n<li>Canal carpien<\/li>\n<li>Affaissement vo\u00fbte plantaire\u00a0 \u00a0 \u00a0 \u00a0 \u00a0 \u00a0 \u00a0 \u00a0 \u00a0 \u00a0 \u00a0 \u00a0 \u00a0 \u00a0 \u00a0 \u00a0 \u00a0 \u00a0 \u00a0 \u00a0 \u00a0 \u00a0 \u00a0 \u00a0 \u00a0 \u00a0 \u00a0 \u00a0 \u00a0 \u00a0 \u00a0 \u00a0 \u00a0 \u00a0 \u00a0 \u00a0 \u00a0 \u00a0 \u00a0 \u00a0 \u00a0 \u00a0 \u00a0 \u00a0 \u00a0 \u00a0 \u00a0 \u00a0 \u00a0 \u00a0 \u00a0 \u00a0 \u00a0 \u00a0 \u00a0 \u00a0 \u00a0 \u00a0 \u00a0 \u00a0 \u00a0 \u00a0 \u00a0 \u00a0 \u00a0 \u00a0 \u00a0 \u00a0 \u00a0 \u00a0 \u00a0 \u00a0 \u00a0 \u00a0 \u00a0 \u00a0 \u00a0 \u00a0 \u00a0 \u00a0 \u00a0 \u00a0 \u00a0 \u00a0 \u00a0 \u00a0 \u00a0 \u00a0 \u00a0 \u00a0 \u00a0 \u00a0 \u00a0 \u00a0 \u00a0 \u00a0 \u00a0 \u00a0 \u00a0 \u00a0 \u00a0 \u00a0 \u00a0 \u00a0 \u00a0 \u00a0 \u00a0 \u00a0 \u00a0 \u00a0 \u00a0 \u00a0 \u00a0 \u00a0 \u00a0 \u00a0 \u00a0 \u00a0 \u00a0 \u00a0 \u00a0 \u00a0 \u00a0 \u00a0 \u00a0 \u00a0 \u00a0 \u00a0 \u00a0 \u00a0 \u00a0 \u00a0 \u00a0 \u00a0 \u00a0 \u00a0 \u00a0 \u00a0\u00a0<span style=\"color: #c29d0c;\"><strong>Citation de Thomas Edison :<\/strong><\/span><br \/>\n<blockquote><p><span style=\"color: #c29d0c;\">\u00ab le Docteur du Futur ne donnera aucun m\u00e9dicament et int\u00e9ressera ses patients au soin de la charpente humaine, \u00e0 l\u2019alimentation, \u00e0 la cause et \u00e0 la pr\u00e9vention de la maladie \u00bb<\/span><\/p><\/blockquote>\n<\/li>\n<\/ul>\n<h3>LE SYSTEME NERVEUX ET LES ORGANES<\/h3>\n<p><img loading=\"lazy\" class=\"alignnone wp-image-127 size-full\" src=\"https:\/\/method-limonier.com\/wp-content\/uploads\/2018\/01\/relation_organe-BIG.jpg\" alt=\"\" width=\"900\" height=\"820\" srcset=\"https:\/\/method-limonier.com\/wp-content\/uploads\/2018\/01\/relation_organe-BIG.jpg 900w, https:\/\/method-limonier.com\/wp-content\/uploads\/2018\/01\/relation_organe-BIG-300x273.jpg 300w, https:\/\/method-limonier.com\/wp-content\/uploads\/2018\/01\/relation_organe-BIG-768x700.jpg 768w\" sizes=\"(max-width: 900px) 100vw, 900px\" \/><br \/>\n<\/div>\n","protected":false},"excerpt":{"rendered":"<p>Vous souffrez d\u2019une douleur cervicale ou intercostale , vous \u00eates stress\u00e9 \u00e0 votre travail , la douleur est forte et vous ne supportez plus les anti-inflammatoires ? Vous avez un lumbago ou une sciatique , la douleur ne passe pas , m\u00eame avec les antalgiques , vous souffrez \u00e9norm\u00e9ment ? Votre grossesse est contrari\u00e9e par [&hellip;]<\/p>\n","protected":false},"author":1,"featured_media":0,"parent":0,"menu_order":0,"comment_status":"closed","ping_status":"closed","template":"blog.php","meta":[],"better_featured_image":null,"_links":{"self":[{"href":"https:\/\/method-limonier.com\/fr\/wp-json\/wp\/v2\/pages\/79"}],"collection":[{"href":"https:\/\/method-limonier.com\/fr\/wp-json\/wp\/v2\/pages"}],"about":[{"href":"https:\/\/method-limonier.com\/fr\/wp-json\/wp\/v2\/types\/page"}],"author":[{"embeddable":true,"href":"https:\/\/method-limonier.com\/fr\/wp-json\/wp\/v2\/users\/1"}],"replies":[{"embeddable":true,"href":"https:\/\/method-limonier.com\/fr\/wp-json\/wp\/v2\/comments?post=79"}],"version-history":[{"count":30,"href":"https:\/\/method-limonier.com\/fr\/wp-json\/wp\/v2\/pages\/79\/revisions"}],"predecessor-version":[{"id":886,"href":"https:\/\/method-limonier.com\/fr\/wp-json\/wp\/v2\/pages\/79\/revisions\/886"}],"wp:attachment":[{"href":"https:\/\/method-limonier.com\/fr\/wp-json\/wp\/v2\/media?parent=79"}],"curies":[{"name":"wp","href":"https:\/\/api.w.org\/{rel}","templated":true}]}}