{"id":77,"date":"2018-01-08T13:39:56","date_gmt":"2018-01-08T12:39:56","guid":{"rendered":"https:\/\/method-limonier.com\/?page_id=77"},"modified":"2019-10-27T19:06:03","modified_gmt":"2019-10-27T18:06:03","slug":"le-centre","status":"publish","type":"page","link":"https:\/\/method-limonier.com\/fr\/le-centre\/","title":{"rendered":"Le centre"},"content":{"rendered":"<p><!-- Start shortcoder --><p id=\"weirdtext\" class=\"animated zoomInDown\"><span>SE SENTIR MIEUX... BOUGER MIEUX... VIVRE MIEUX!<\/span><\/p><!-- End shortcoder v4.1.6-->Le Cabinet est <strong>enti\u00e8rement neuf ,spacieux , moderne et accueillant<\/strong>.<br \/>\nIl est \u00e9quip\u00e9 de<strong> tables \u00e9lectriques et pneumatiques fabriqu\u00e9es aux Etats-Unis<\/strong>, hautement performantes et sp\u00e9cialement con\u00e7ues pour le traitement de chaque cas.<br \/>\nLe cabinet dispose de<strong> plusieurs salles et d\u2019Atelier<\/strong>s innovants pour adultes et pour les enfants.<br \/>\nVous serez soumis \u00e0 un bilan complet orthop\u00e9dique , neurologique , chiropractic et radiologique et \u00e0 des tests sp\u00e9cifiques \u00e0 chacun.<br \/>\nNous voulons que vous soyez acteur et non spectateur de votre <strong>gu\u00e9rison<\/strong>.<br \/>\nNous vous donnerons aussi <strong>des conseils<\/strong> pour g\u00e9rer votre vie de tous les jours.<br \/>\nDes <strong>mini-conf\u00e9rences<\/strong> seront <strong>organis\u00e9es r\u00e9guli\u00e8rement<\/strong> pour compl\u00e9ter votre traitement et nous pr\u00e9senter \u00e0 vos amis et \u00e0 votre famille.<br \/>\n<em><strong>Je serai heureux de vous accueillir et de partager avec vous cette Nouvelle Culture de la Sant\u00e9.<\/strong><\/em><\/p>\n<div class=\"row-project-box row\">\n<div class=\"col-project-box col-sm-4 col-md-4 col-lg-4\"><a class=\"project-box\" href=\"https:\/\/method-limonier.com\/fr\/ma-methode-pour-quel-probleme\/\">Ma M\u00e9thode pour qui ?<\/a><\/div>\n<div class=\"col-project-box col-sm-4 col-md-4 col-lg-4\"><a class=\"project-box\" href=\"https:\/\/method-limonier.com\/fr\/comment-prevenir-et-guerir\/\">Comment pr\u00e9venir et gu\u00e9rir?<\/a><\/div>\n<div class=\"col-project-box col-sm-4 col-md-4 col-lg-4\"><a class=\"project-box\" href=\"https:\/\/method-limonier.com\/fr\/nos-patients-temoignent\/\">Consulter les t\u00e9moignages<\/a><\/div>\n<\/div>\n","protected":false},"excerpt":{"rendered":"<p>Le Cabinet est enti\u00e8rement neuf ,spacieux , moderne et accueillant. Il est \u00e9quip\u00e9 de tables \u00e9lectriques et pneumatiques fabriqu\u00e9es aux Etats-Unis, hautement performantes et sp\u00e9cialement con\u00e7ues pour le traitement de chaque cas. Le cabinet dispose de plusieurs salles et d\u2019Ateliers innovants pour adultes et pour les enfants. Vous serez soumis \u00e0 un bilan complet orthop\u00e9dique [&hellip;]<\/p>\n","protected":false},"author":1,"featured_media":0,"parent":0,"menu_order":0,"comment_status":"closed","ping_status":"closed","template":"presentation.php","meta":[],"better_featured_image":null,"_links":{"self":[{"href":"https:\/\/method-limonier.com\/fr\/wp-json\/wp\/v2\/pages\/77"}],"collection":[{"href":"https:\/\/method-limonier.com\/fr\/wp-json\/wp\/v2\/pages"}],"about":[{"href":"https:\/\/method-limonier.com\/fr\/wp-json\/wp\/v2\/types\/page"}],"author":[{"embeddable":true,"href":"https:\/\/method-limonier.com\/fr\/wp-json\/wp\/v2\/users\/1"}],"replies":[{"embeddable":true,"href":"https:\/\/method-limonier.com\/fr\/wp-json\/wp\/v2\/comments?post=77"}],"version-history":[{"count":26,"href":"https:\/\/method-limonier.com\/fr\/wp-json\/wp\/v2\/pages\/77\/revisions"}],"predecessor-version":[{"id":950,"href":"https:\/\/method-limonier.com\/fr\/wp-json\/wp\/v2\/pages\/77\/revisions\/950"}],"wp:attachment":[{"href":"https:\/\/method-limonier.com\/fr\/wp-json\/wp\/v2\/media?parent=77"}],"curies":[{"name":"wp","href":"https:\/\/api.w.org\/{rel}","templated":true}]}}