{"id":50,"date":"2018-01-03T11:17:01","date_gmt":"2018-01-03T10:17:01","guid":{"rendered":"https:\/\/method-limonier.com\/?page_id=50"},"modified":"2019-01-09T10:58:57","modified_gmt":"2019-01-09T09:58:57","slug":"dr-sylvain-limonier","status":"publish","type":"page","link":"https:\/\/method-limonier.com\/fr\/","title":{"rendered":"Qui sommes nous ?"},"content":{"rendered":"<div class=\"row\">\n<div class=\"col-sm-12 col-md-9 col-lg-9\">\n<blockquote><p><em><span style=\"color: #c29d0c;\"><strong>Dr Sylvain Limonier<\/strong> vous accueille dans son cabinet avec une nouvelle\u00a0Culture de la Sant\u00e9.<\/span><\/em><!-- Start shortcoder --><p id=\"weirdtext\" class=\"animated zoomInDown\"><span>Se Sentir mieux, Bouger mieux, Vivre mieux!<\/span><\/p><!-- End shortcoder v4.1.6--><\/p><\/blockquote>\n<\/div>\n<div class=\"col-sm-12 col-md-3 col-lg-3\">\n<figure id=\"attachment_91\" aria-describedby=\"caption-attachment-91\" style=\"width: 163px\" class=\"wp-caption alignnone\"><img loading=\"lazy\" class=\"image-with-border wp-image-91 \" src=\"https:\/\/method-limonier.com\/wp-content\/uploads\/2018\/01\/1-470x490-263x300.jpg\" alt=\"\" width=\"163\" height=\"186\" srcset=\"https:\/\/method-limonier.com\/wp-content\/uploads\/2018\/01\/1-470x490-263x300.jpg 263w, https:\/\/method-limonier.com\/wp-content\/uploads\/2018\/01\/1-470x490.jpg 630w\" sizes=\"(max-width: 163px) 100vw, 163px\" \/><figcaption id=\"caption-attachment-91\" class=\"wp-caption-text\"><span style=\"color: #c29d0c;\">\u00a0\u00a0<\/span><\/figcaption><\/figure>\n<\/div>\n<\/div>\n<div class=\"review-carousel-item\">\n<div class=\"text-citation\">\u201c J\u2019exerce depuis plus de 25 ans en Europe.<br \/>\nA Paris , sur les Champs Elys\u00e9es , j\u2019ai d\u00e9velopp\u00e9 une patient\u00e8le pendant plus de 15 ans avant de venir au Portugal.<br \/>\n<span class=\"icon yellow-limonier ion-social-youtube\"> <a id=\"69dac1f7b534d\" rel=\"wp-video-lightbox\" href=\"https:\/\/www.youtube.com\/watch?v=JDBcgINz9YQ&width=640&height=480\" title=\"\">Cliquez ici pour voir l'\u00e9mission Se soigner Autrement<\/a>    <script>\r\n    \/* <![CDATA[ *\/\r\n    jQuery(document).ready(function($){\r\n        $(function(){\r\n            var width = $(window).innerWidth();\r\n            var setwidth = 640;\r\n            var ratio = 0.75;\r\n            var height = 480;\r\n            var link = 'https:\/\/www.youtube.com\/watch?v=JDBcgINz9YQ&width=640&height=480';\r\n            if(width < setwidth)\r\n            {\r\n                height = Math.floor(width * 0.75);\r\n                \/\/console.log(\"device width \"+width+\", set width \"+640+\", ratio \"+0.75+\", new height \"+ height);\r\n                var new_url = wpvl_paramReplace('width', link, width);\r\n                var new_url = wpvl_paramReplace('height', new_url, height);\r\n                $(\"a#69dac1f7b534d\").attr('href', new_url);\r\n                \/\/console.log(new_url);\r\n            }    \r\n        });\r\n    });\r\n    \/* ]]> *\/\r\n    <\/script>        <\/span><br \/>\nJ\u2019aime redonner la sant\u00e9 et le sourire aux personnes qui viennent frapper \u00e0 ma porte<br \/>\nJ\u2019ai \u00e9volu\u00e9 dans le monde du sport de haut niveau et cette \u00e9cole m\u2019a apport\u00e9 \u00e9norm\u00e9ment.<br \/>\n<strong>Passionn\u00e9 de neurologie<\/strong> , j\u2019\u00e9tudie constamment pour traiter encore mieux les troubles de la colonne vert\u00e9brale et du syst\u00e8me nerveux.\u00a0\u00bb<br \/>\n<img loading=\"lazy\" class=\"alignnone wp-image-346 size-full\" src=\"https:\/\/method-limonier.com\/wp-content\/uploads\/2018\/04\/by-Sylvain-LIMONIER.png\" alt=\"\" width=\"300\" height=\"70\" \/><\/div>\n<\/div>\n<span><a onclick=\"read_toggle(1512314502, 'Continuer la lecture', 'Lire moins'); return false;\" class=\"read-link\" id=\"readlink1512314502\" style=\"readlink\" href=\"#\">Continuer la lecture<\/a><\/span>\n<div class=\"read_div\" id=\"read1512314502\" style=\"display: none;\"><img loading=\"lazy\" class=\"size-thumbnail wp-image-498 alignright\" src=\"https:\/\/method-limonier.com\/wp-content\/uploads\/2018\/04\/health-chiropractic-150x150.png\" alt=\"\" width=\"150\" height=\"150\" \/><\/p>\n<ul class=\"widget_categories\">\n<li><strong>Docteur en Chiropratique<\/strong> je dispose de connaissances scientifiques acquises apr\u00e8s <strong>7 ann\u00e9es d\u2019\u00e9tudes\u00a0<\/strong>universitaires aux Etats Unis valid\u00e9es par un dipl\u00f4me me valant le titre de <strong>Doctor of Chiropractic<\/strong><\/li>\n<li>Dipl\u00f4m\u00e9 du <strong>Life College West California (USA)<\/strong><\/li>\n<li>Dipl\u00f4m\u00e9 d\u2019 Etat du Michigan et du National Board<\/li>\n<\/ul>\n<p><!-- review-carousel-item --><\/p>\n<h3>La Chiropractic:<\/h3>\n<ul class=\"pl-0 widget_categories\">\n<li>1\u00e8re Th\u00e9rapie manuelle au monde , valid\u00e9e par la science reconnue par <strong>l\u2019OMS 2 millions de patients trait\u00e9s par jour dans le monde\u00a0<\/strong>et 93% de satisfaction .<\/li>\n<li>Profession de Sant\u00e9 qui traite les troubles du syst\u00e8me musculo-squelettique et leurs effets sur le syst\u00e8me nerveux.<\/li>\n<li>L\u2019Organisation Mondiale de la Sant\u00e9 d\u00e9crit la Sant\u00e9 <strong>\u00ab comme un \u00e9tat complet de la fonction physique , mentale et sociale, et pas seulement l\u2019absence de maladie \u00bb<\/strong><\/li>\n<li>Notre sant\u00e9 ce n\u2019est pas seulement notre mani\u00e8re d\u2019\u00eatre ou comment nous nous sentons ,\u00a0<strong>mais comment notre corps fonctionne.<\/strong><\/li>\n<\/ul>\n<p><\/div>\n","protected":false},"excerpt":{"rendered":"<p>Dr Sylvain Limonier vous accueille dans son cabinet avec une nouvelle\u00a0Culture de la Sant\u00e9. \u201c J\u2019exerce depuis plus de 25 ans en Europe. A Paris , sur les Champs Elys\u00e9es , j\u2019ai d\u00e9velopp\u00e9 une patient\u00e8le pendant plus de 15 ans avant de venir au Portugal. J\u2019aime redonner la sant\u00e9 et le sourire aux personnes qui [&hellip;]<\/p>\n","protected":false},"author":1,"featured_media":0,"parent":0,"menu_order":0,"comment_status":"closed","ping_status":"closed","template":"","meta":[],"better_featured_image":null,"_links":{"self":[{"href":"https:\/\/method-limonier.com\/fr\/wp-json\/wp\/v2\/pages\/50"}],"collection":[{"href":"https:\/\/method-limonier.com\/fr\/wp-json\/wp\/v2\/pages"}],"about":[{"href":"https:\/\/method-limonier.com\/fr\/wp-json\/wp\/v2\/types\/page"}],"author":[{"embeddable":true,"href":"https:\/\/method-limonier.com\/fr\/wp-json\/wp\/v2\/users\/1"}],"replies":[{"embeddable":true,"href":"https:\/\/method-limonier.com\/fr\/wp-json\/wp\/v2\/comments?post=50"}],"version-history":[{"count":116,"href":"https:\/\/method-limonier.com\/fr\/wp-json\/wp\/v2\/pages\/50\/revisions"}],"predecessor-version":[{"id":1299,"href":"https:\/\/method-limonier.com\/fr\/wp-json\/wp\/v2\/pages\/50\/revisions\/1299"}],"wp:attachment":[{"href":"https:\/\/method-limonier.com\/fr\/wp-json\/wp\/v2\/media?parent=50"}],"curies":[{"name":"wp","href":"https:\/\/api.w.org\/{rel}","templated":true}]}}