{"id":43,"date":"2018-01-03T10:32:53","date_gmt":"2018-01-03T09:32:53","guid":{"rendered":"https:\/\/method-limonier.com\/?page_id=43"},"modified":"2018-02-15T15:36:29","modified_gmt":"2018-02-15T14:36:29","slug":"besoin-daides-info-prise-de-rendez-vous","status":"publish","type":"page","link":"https:\/\/method-limonier.com\/fr\/besoin-daides-info-prise-de-rendez-vous\/","title":{"rendered":"Besoin d&rsquo;aides, info ? prise de rendez vous ?"},"content":{"rendered":"<p class=\"contact-address text-muted\">Le <strong>Centre de la Colonne vert\u00e9brale d\u2019Estoril<\/strong> se trouve dans le quartier prestigieux du Casino d\u2019Estoril .<\/p>\n<p class=\"contact-address text-muted\">Il faut remonter les magnifiques jardins du Casino, vous passerez devant le c\u00e9l\u00e8bre Hotel Palacio et nous sommes au 4 de la place Almeida Garrett juste \u00e0 cot\u00e9 du salon de coiffure d&rsquo;Isabel Queiroz Dovale<\/p>\n","protected":false},"excerpt":{"rendered":"<p>Le Centre de la Colonne vert\u00e9brale d\u2019Estoril se trouve dans le quartier prestigieux du Casino d\u2019Estoril . Il faut remonter les magnifiques jardins du Casino, vous passerez devant le c\u00e9l\u00e8bre Hotel Palacio et nous sommes au 4 de la place Almeida Garrett juste \u00e0 cot\u00e9 du salon de coiffure d&rsquo;Isabel Queiroz Dovale<\/p>\n","protected":false},"author":1,"featured_media":0,"parent":0,"menu_order":0,"comment_status":"closed","ping_status":"closed","template":"contact.php","meta":[],"better_featured_image":null,"_links":{"self":[{"href":"https:\/\/method-limonier.com\/fr\/wp-json\/wp\/v2\/pages\/43"}],"collection":[{"href":"https:\/\/method-limonier.com\/fr\/wp-json\/wp\/v2\/pages"}],"about":[{"href":"https:\/\/method-limonier.com\/fr\/wp-json\/wp\/v2\/types\/page"}],"author":[{"embeddable":true,"href":"https:\/\/method-limonier.com\/fr\/wp-json\/wp\/v2\/users\/1"}],"replies":[{"embeddable":true,"href":"https:\/\/method-limonier.com\/fr\/wp-json\/wp\/v2\/comments?post=43"}],"version-history":[{"count":3,"href":"https:\/\/method-limonier.com\/fr\/wp-json\/wp\/v2\/pages\/43\/revisions"}],"predecessor-version":[{"id":265,"href":"https:\/\/method-limonier.com\/fr\/wp-json\/wp\/v2\/pages\/43\/revisions\/265"}],"wp:attachment":[{"href":"https:\/\/method-limonier.com\/fr\/wp-json\/wp\/v2\/media?parent=43"}],"curies":[{"name":"wp","href":"https:\/\/api.w.org\/{rel}","templated":true}]}}