{"id":323,"date":"2018-04-02T09:45:49","date_gmt":"2018-04-02T07:45:49","guid":{"rendered":"https:\/\/method-limonier.com\/?page_id=323"},"modified":"2019-01-09T12:51:56","modified_gmt":"2019-01-09T11:51:56","slug":"les-sportifs","status":"publish","type":"page","link":"https:\/\/method-limonier.com\/fr\/les-sportifs\/","title":{"rendered":"Les sportifs"},"content":{"rendered":"<p><!-- Start shortcoder --><p id=\"weirdtext\" class=\"animated zoomInDown\"><span>SE SENTIR MIEUX BOUGER MIEUX VIVRE MIEUX<\/span><\/p><!-- End shortcoder v4.1.6--><!-- Start shortcoder --><div class=\"highlight\">Avec ma M\u00e9thode, je soulage le sportif sans m\u00e9dicament ni infiltration pour une meilleure endurance et performance, qu\u2019il soit amateur ou professionnel. Votre corps a des ressources incroyables, il suffit de le comprendre.<\/div><!-- End shortcoder v4.1.6--><\/p>\n<p>&nbsp;<\/p>\n<p>Dans toutes les\u00a0\u00a0disciplines,\u00a0\u00a0des sportifs c\u00e9l\u00e8bres sont suivis par un chiropracteur\u00a0.<br \/>\nLes\u00a0blessures articulaires\u00a0et les\u00a0accidents musculaires\u00a0sont des\u00a0blessures sportives\u00a0tr\u00e8s r\u00e9pandues\u00a0\u00a0chez les professionnels et les\u00a0\u00a0amateurs\u00a0.<br \/>\nLes\u00a0tendinites, les\u00a0douleurs intercostales\u00a0et les\u00a0crampes\u00a0touchent tous types de pratiquants.<br \/>\nSi vous \u00eates sportif, nous devons agir vite,\u00a0 pour vous r\u00e9\u00e9quilibrer afin que vous puissiez poursuivre vos activit\u00e9s sans douleur.<br \/>\nUn tassement vert\u00e9bral peut engendrer\u00a0, un mal de dos , des douleurs lombaires , un lumbago ou une sciatique.<br \/>\nDes douleurs cervicales peuvent \u00e9galement survenir avec migraine\u00a0, il est alors tr\u00e8s frustrant de ne plus pouvoir s\u2019adonner \u00e0 son hobby.<br \/>\n<strong>Le\u00a0sport\u00a0est indispensable et salutaire pour une\u00a0bonne sant\u00e9\u00a0physique et mentale.\u00a0<\/strong><br \/>\nLe corps humain poss\u00e8de une aptitude naturelle \u00e0 la gu\u00e9rison qui doit \u00eatre r\u00e9veill\u00e9e et lib\u00e9r\u00e9e.<\/p>\n<p style=\"text-align: center;\"><div style=\"max-width: 800px;\" class=\"ml-slider-3-10-3 metaslider metaslider-flex metaslider-1126 ml-slider\">\n    \n    <div id=\"metaslider_container_1126\">\n        <div id=\"metaslider_1126\">\n            <ul class=\"slides\">\n                <li style=\"display: block; width: 100%;\" class=\"slide-1127 ms-image\"><img src=\"https:\/\/method-limonier.com\/wp-content\/uploads\/2018\/05\/3-1-800x350.jpg\" height=\"350\" width=\"800\" alt=\"\" class=\"slider-1126 slide-1127\" title=\"3\" \/><\/li>\n                <li style=\"display: none; width: 100%;\" class=\"slide-1128 ms-image\"><img src=\"https:\/\/method-limonier.com\/wp-content\/uploads\/2018\/05\/4-800x350.jpg\" height=\"350\" width=\"800\" alt=\"\" class=\"slider-1126 slide-1128\" title=\"4\" \/><\/li>\n                <li style=\"display: none; width: 100%;\" class=\"slide-1129 ms-image\"><img src=\"https:\/\/method-limonier.com\/wp-content\/uploads\/2018\/05\/2-1-800x350.jpg\" height=\"350\" width=\"800\" alt=\"\" class=\"slider-1126 slide-1129\" title=\"2\" \/><\/li>\n                <li style=\"display: none; width: 100%;\" class=\"slide-1187 ms-image\"><img src=\"https:\/\/method-limonier.com\/wp-content\/uploads\/2018\/05\/diving-1600668_960_720-800x350.jpg\" height=\"350\" width=\"800\" alt=\"\" class=\"slider-1126 slide-1187\" title=\"diving-1600668_960_720\" \/><\/li>\n            <\/ul>\n        <\/div>\n        \n    <\/div>\n<\/div><\/p>\n","protected":false},"excerpt":{"rendered":"<p>&nbsp; Dans toutes les\u00a0\u00a0disciplines,\u00a0\u00a0des sportifs c\u00e9l\u00e8bres sont suivis par un chiropracteur\u00a0. Les\u00a0blessures articulaires\u00a0et les\u00a0accidents musculaires\u00a0sont des\u00a0blessures sportives\u00a0tr\u00e8s r\u00e9pandues\u00a0\u00a0chez les professionnels et les\u00a0\u00a0amateurs\u00a0. Les\u00a0tendinites, les\u00a0douleurs intercostales\u00a0et les\u00a0crampes\u00a0touchent tous types de pratiquants. Si vous \u00eates sportif, nous devons agir vite,\u00a0 pour vous r\u00e9\u00e9quilibrer afin que vous puissiez poursuivre vos activit\u00e9s sans douleur. Un tassement vert\u00e9bral peut engendrer\u00a0, [&hellip;]<\/p>\n","protected":false},"author":1,"featured_media":0,"parent":0,"menu_order":0,"comment_status":"closed","ping_status":"closed","template":"presentation.php","meta":[],"better_featured_image":null,"_links":{"self":[{"href":"https:\/\/method-limonier.com\/fr\/wp-json\/wp\/v2\/pages\/323"}],"collection":[{"href":"https:\/\/method-limonier.com\/fr\/wp-json\/wp\/v2\/pages"}],"about":[{"href":"https:\/\/method-limonier.com\/fr\/wp-json\/wp\/v2\/types\/page"}],"author":[{"embeddable":true,"href":"https:\/\/method-limonier.com\/fr\/wp-json\/wp\/v2\/users\/1"}],"replies":[{"embeddable":true,"href":"https:\/\/method-limonier.com\/fr\/wp-json\/wp\/v2\/comments?post=323"}],"version-history":[{"count":14,"href":"https:\/\/method-limonier.com\/fr\/wp-json\/wp\/v2\/pages\/323\/revisions"}],"predecessor-version":[{"id":1130,"href":"https:\/\/method-limonier.com\/fr\/wp-json\/wp\/v2\/pages\/323\/revisions\/1130"}],"wp:attachment":[{"href":"https:\/\/method-limonier.com\/fr\/wp-json\/wp\/v2\/media?parent=323"}],"curies":[{"name":"wp","href":"https:\/\/api.w.org\/{rel}","templated":true}]}}